{"id":1820,"date":"2025-07-01T07:06:04","date_gmt":"2025-07-01T07:06:04","guid":{"rendered":"https:\/\/www.huacrown.com\/?post_type=product&#038;p=1820"},"modified":"2025-07-29T08:17:51","modified_gmt":"2025-07-29T08:17:51","slug":"g2232-g2v2","status":"publish","type":"product","link":"https:\/\/www.huacrown.com\/ru\/product\/g2232-g2v2\/","title":{"rendered":"G2232 G2V2"},"content":{"rendered":"<p data-start=\"0\" data-end=\"522\"><strong data-start=\"0\" data-end=\"13\">G2232G2V2<\/strong> \u042d\u0442\u043e 2U \u0434\u0432\u0443\u0445\u0441\u043e\u043a\u0435\u0442\u043d\u044b\u0439 \u0441\u0435\u0440\u0432\u0435\u0440 \u0432 \u0441\u0442\u043e\u0435\u0447\u043d\u043e\u043c \u0438\u0441\u043f\u043e\u043b\u043d\u0435\u043d\u0438\u0438, \u0440\u0430\u0431\u043e\u0442\u0430\u044e\u0449\u0438\u0439 \u043d\u0430 \u043d\u043e\u0432\u0435\u0439\u0448\u0438\u0445 \u043c\u0430\u0441\u0448\u0442\u0430\u0431\u0438\u0440\u0443\u0435\u043c\u044b\u0445 \u043f\u0440\u043e\u0446\u0435\u0441\u0441\u043e\u0440\u0430\u0445 Intel Xeon (Ice Lake-SP), \u043e\u0431\u0435\u0441\u043f\u0435\u0447\u0438\u0432\u0430\u044e\u0449\u0438\u0439 \u0432\u0441\u0435\u0441\u0442\u043e\u0440\u043e\u043d\u043d\u0435\u0435 \u0443\u043b\u0443\u0447\u0448\u0435\u043d\u0438\u0435 \u043f\u0440\u043e\u0438\u0437\u0432\u043e\u0434\u0438\u0442\u0435\u043b\u044c\u043d\u043e\u0441\u0442\u0438 \u0432\u044b\u0447\u0438\u0441\u043b\u0435\u043d\u0438\u0439, \u0445\u0440\u0430\u043d\u0435\u043d\u0438\u044f \u0434\u0430\u043d\u043d\u044b\u0445 \u0438 \u0441\u0435\u0442\u0435\u0432\u044b\u0445 \u043f\u043e\u0434\u043a\u043b\u044e\u0447\u0435\u043d\u0438\u0439. \u0411\u043b\u0430\u0433\u043e\u0434\u0430\u0440\u044f \u0438\u043d\u043d\u043e\u0432\u0430\u0446\u0438\u043e\u043d\u043d\u043e\u0439 \u043c\u043e\u0434\u0443\u043b\u044c\u043d\u043e\u0439 \u0430\u0440\u0445\u0438\u0442\u0435\u043a\u0442\u0443\u0440\u0435 \u0430\u043f\u043f\u0430\u0440\u0430\u0442\u043d\u043e\u0433\u043e \u043e\u0431\u0435\u0441\u043f\u0435\u0447\u0435\u043d\u0438\u044f \u0441\u0435\u0440\u0432\u0435\u0440 \u043c\u0430\u043a\u0441\u0438\u043c\u0430\u043b\u044c\u043d\u043e \u044d\u0444\u0444\u0435\u043a\u0442\u0438\u0432\u043d\u043e \u0438\u0441\u043f\u043e\u043b\u044c\u0437\u0443\u0435\u0442 \u0440\u0435\u0441\u0443\u0440\u0441\u044b \u0445\u0440\u0430\u043d\u0435\u043d\u0438\u044f \u0438 \u0441\u0435\u0442\u0438, \u043f\u043e\u0437\u0432\u043e\u043b\u044f\u044f \u0433\u0438\u0431\u043a\u043e \u043d\u0430\u0441\u0442\u0440\u0430\u0438\u0432\u0430\u0442\u044c \u043a\u043e\u043d\u0444\u0438\u0433\u0443\u0440\u0430\u0446\u0438\u044e \u0432 \u0441\u043e\u043e\u0442\u0432\u0435\u0442\u0441\u0442\u0432\u0438\u0438 \u0441 \u043f\u043e\u0442\u0440\u0435\u0431\u043d\u043e\u0441\u0442\u044f\u043c\u0438 \u0431\u0438\u0437\u043d\u0435\u0441\u0430 \u0438 \u043e\u0431\u0435\u0441\u043f\u0435\u0447\u0438\u0432\u0430\u044f \u043e\u0442\u043b\u0438\u0447\u043d\u043e\u0435 \u0441\u043e\u043e\u0442\u043d\u043e\u0448\u0435\u043d\u0438\u0435 \u0446\u0435\u043d\u044b \u0438 \u043f\u0440\u043e\u0438\u0437\u0432\u043e\u0434\u0438\u0442\u0435\u043b\u044c\u043d\u043e\u0441\u0442\u0438. \u041e\u043d \u0438\u0434\u0435\u0430\u043b\u044c\u043d\u043e \u043f\u043e\u0434\u0445\u043e\u0434\u0438\u0442 \u0434\u043b\u044f \u0438\u0441\u043f\u043e\u043b\u044c\u0437\u043e\u0432\u0430\u043d\u0438\u044f \u0432 \u0438\u043d\u0442\u0435\u0440\u043d\u0435\u0442-\u0441\u0435\u0440\u0432\u0438\u0441\u0430\u0445, \u043e\u0431\u043b\u0430\u0447\u043d\u044b\u0445 \u0432\u044b\u0447\u0438\u0441\u043b\u0435\u043d\u0438\u044f\u0445, \u0431\u0430\u0437\u0430\u0445 \u0434\u0430\u043d\u043d\u044b\u0445 \u0438 \u043e\u0431\u0440\u0430\u0431\u043e\u0442\u043a\u0435 \u0431\u043e\u043b\u044c\u0448\u0438\u0445 \u0434\u0430\u043d\u043d\u044b\u0445.<\/p>\n<h3 data-start=\"529\" data-end=\"553\"><strong data-start=\"533\" data-end=\"553\">\u0425\u0430\u0440\u0430\u043a\u0442\u0435\u0440\u0438\u0441\u0442\u0438\u043a\u0438 \u043f\u0440\u043e\u0434\u0443\u043a\u0442\u0430<\/strong><\/h3>\n<h4 data-start=\"555\" data-end=\"603\"><strong data-start=\"560\" data-end=\"603\">\u0412\u044b\u0441\u043e\u043a\u0430\u044f \u043f\u0440\u043e\u0438\u0437\u0432\u043e\u0434\u0438\u0442\u0435\u043b\u044c\u043d\u043e\u0441\u0442\u044c \u0434\u043b\u044f \u043a\u0440\u0438\u0442\u0438\u0447\u0435\u0441\u043a\u0438 \u0432\u0430\u0436\u043d\u044b\u0445 \u0440\u0430\u0431\u043e\u0447\u0438\u0445 \u043d\u0430\u0433\u0440\u0443\u0437\u043e\u043a<\/strong><\/h4>\n<ul data-start=\"604\" data-end=\"1062\">\n<li data-start=\"604\" data-end=\"715\">\n<p data-start=\"606\" data-end=\"715\">\u041f\u043e\u0434\u0434\u0435\u0440\u0436\u0438\u0432\u0430\u0435\u0442 \u043c\u0430\u0441\u0448\u0442\u0430\u0431\u0438\u0440\u0443\u0435\u043c\u044b\u0435 \u043f\u0440\u043e\u0446\u0435\u0441\u0441\u043e\u0440\u044b Intel Xeon 3-\u0433\u043e \u043f\u043e\u043a\u043e\u043b\u0435\u043d\u0438\u044f, \u0441\u043e\u0437\u0434\u0430\u043d\u043d\u044b\u0435 \u043f\u043e 10-\u043d\u043c \u0442\u0435\u0445\u043f\u0440\u043e\u0446\u0435\u0441\u0441\u0443 \u0438 \u043e\u0431\u043b\u0430\u0434\u0430\u044e\u0449\u0438\u0435 \u0432\u044b\u0441\u043e\u043a\u043e\u0439 \u043f\u0440\u043e\u0438\u0437\u0432\u043e\u0434\u0438\u0442\u0435\u043b\u044c\u043d\u043e\u0441\u0442\u044c\u044e<\/p>\n<\/li>\n<li data-start=\"716\" data-end=\"790\">\n<p data-start=\"718\" data-end=\"790\">\u041f\u043e\u0434\u0434\u0435\u0440\u0436\u0438\u0432\u0430\u0435\u0442 \u0434\u043e 3 \u043c\u0435\u0436\u0441\u043e\u0435\u0434\u0438\u043d\u0435\u043d\u0438\u0439 UPI \u0441 \u043f\u0440\u043e\u043f\u0443\u0441\u043a\u043d\u043e\u0439 \u0441\u043f\u043e\u0441\u043e\u0431\u043d\u043e\u0441\u0442\u044c\u044e \u0434\u043e 11.2 \u0413\u0422\/\u0441<\/p>\n<\/li>\n<li data-start=\"791\" data-end=\"938\">\n<p data-start=\"793\" data-end=\"938\">\u041a\u0430\u0436\u0434\u044b\u0439 \u043f\u0440\u043e\u0446\u0435\u0441\u0441\u043e\u0440 \u043f\u043e\u0434\u0434\u0435\u0440\u0436\u0438\u0432\u0430\u0435\u0442 8 \u043a\u0430\u043d\u0430\u043b\u043e\u0432 \u043f\u0430\u043c\u044f\u0442\u0438, \u0434\u043e 32 \u043c\u043e\u0434\u0443\u043b\u0435\u0439 \u043f\u0430\u043c\u044f\u0442\u0438 DDR4 \u0441 \u0447\u0430\u0441\u0442\u043e\u0442\u043e\u0439 \u0434\u043e 3200 \u041c\u0413\u0446, \u0447\u0442\u043e \u043e\u0431\u0435\u0441\u043f\u0435\u0447\u0438\u0432\u0430\u0435\u0442 \u0437\u043d\u0430\u0447\u0438\u0442\u0435\u043b\u044c\u043d\u043e \u0431\u043e\u043b\u0435\u0435 \u0432\u044b\u0441\u043e\u043a\u0443\u044e \u043f\u0440\u043e\u043f\u0443\u0441\u043a\u043d\u0443\u044e \u0441\u043f\u043e\u0441\u043e\u0431\u043d\u043e\u0441\u0442\u044c \u043f\u0430\u043c\u044f\u0442\u0438<\/p>\n<\/li>\n<li data-start=\"939\" data-end=\"1062\">\n<p data-start=\"941\" data-end=\"1062\">\u041f\u043e\u0434\u0434\u0435\u0440\u0436\u0438\u0432\u0430\u0435\u0442 PCIe 4.0, \u043d\u0430 33% \u0431\u043e\u043b\u044c\u0448\u0435 \u043b\u0438\u043d\u0438\u0439 PCIe \u043f\u043e \u0441\u0440\u0430\u0432\u043d\u0435\u043d\u0438\u044e \u0441 \u043f\u0440\u0435\u0434\u044b\u0434\u0443\u0449\u0438\u043c \u043f\u043e\u043a\u043e\u043b\u0435\u043d\u0438\u0435\u043c, \u0447\u0442\u043e \u0437\u043d\u0430\u0447\u0438\u0442\u0435\u043b\u044c\u043d\u043e \u043f\u043e\u0432\u044b\u0448\u0430\u0435\u0442 \u0440\u0430\u0441\u0448\u0438\u0440\u044f\u0435\u043c\u043e\u0441\u0442\u044c \u0441\u0438\u0441\u0442\u0435\u043c\u044b<\/p>\n<\/li>\n<\/ul>\n<h4 data-start=\"1064\" data-end=\"1117\"><strong data-start=\"1069\" data-end=\"1117\">\u0412\u044b\u0441\u043e\u043a\u0430\u044f \u043d\u0430\u0434\u0451\u0436\u043d\u043e\u0441\u0442\u044c \u0438 \u0438\u043d\u0442\u0435\u043b\u043b\u0435\u043a\u0442\u0443\u0430\u043b\u044c\u043d\u043e\u0435 \u0443\u043f\u0440\u0430\u0432\u043b\u0435\u043d\u0438\u0435<\/strong><\/h4>\n<ul data-start=\"1118\" data-end=\"1560\">\n<li data-start=\"1118\" data-end=\"1283\">\n<p data-start=\"1120\" data-end=\"1283\">\u041a\u043b\u044e\u0447\u0435\u0432\u044b\u0435 \u043a\u043e\u043c\u043f\u043e\u043d\u0435\u043d\u0442\u044b \u0441\u0438\u0441\u0442\u0435\u043c\u044b \u0441\u043f\u0440\u043e\u0435\u043a\u0442\u0438\u0440\u043e\u0432\u0430\u043d\u044b \u0441 \u0440\u0435\u0437\u0435\u0440\u0432\u0438\u0440\u043e\u0432\u0430\u043d\u0438\u0435\u043c \u0438 \u0432\u043e\u0437\u043c\u043e\u0436\u043d\u043e\u0441\u0442\u044c\u044e \u0433\u043e\u0440\u044f\u0447\u0435\u0439 \u0437\u0430\u043c\u0435\u043d\u044b; \u043e\u0431\u0441\u043b\u0443\u0436\u0438\u0432\u0430\u043d\u0438\u0435 \u0431\u0435\u0437 \u0438\u043d\u0441\u0442\u0440\u0443\u043c\u0435\u043d\u0442\u043e\u0432 \u043f\u043e\u0432\u044b\u0448\u0430\u0435\u0442 \u044d\u0444\u0444\u0435\u043a\u0442\u0438\u0432\u043d\u043e\u0441\u0442\u044c \u0443\u0441\u0442\u0440\u0430\u043d\u0435\u043d\u0438\u044f \u043d\u0435\u0438\u0441\u043f\u0440\u0430\u0432\u043d\u043e\u0441\u0442\u0435\u0439 \u0438 \u0434\u043e\u0441\u0442\u0443\u043f\u043d\u043e\u0441\u0442\u044c \u0441\u0438\u0441\u0442\u0435\u043c\u044b<\/p>\n<\/li>\n<li data-start=\"1284\" data-end=\"1423\">\n<p data-start=\"1286\" data-end=\"1423\">\u0418\u043d\u0442\u0435\u0433\u0440\u0438\u0440\u043e\u0432\u0430\u043d\u043d\u044b\u0439 \u0438\u043d\u0442\u0435\u043b\u043b\u0435\u043a\u0442\u0443\u0430\u043b\u044c\u043d\u044b\u0439 \u0443\u043f\u0440\u0430\u0432\u043b\u044f\u044e\u0449\u0438\u0439 \u0447\u0438\u043f \u0438 \u043e\u0442\u043a\u0440\u044b\u0442\u0430\u044f \u043f\u043b\u0430\u0442\u0444\u043e\u0440\u043c\u0430 \u0443\u043f\u0440\u0430\u0432\u043b\u0435\u043d\u0438\u044f, \u043f\u043e\u0434\u0434\u0435\u0440\u0436\u0438\u0432\u0430\u044e\u0449\u0438\u0435 IPMI 2.0, Redfish, SNMP \u0438 \u0434\u0440\u0443\u0433\u0438\u0435 \u043f\u0440\u043e\u0442\u043e\u043a\u043e\u043b\u044b \u0443\u043f\u0440\u0430\u0432\u043b\u0435\u043d\u0438\u044f<\/p>\n<\/li>\n<li data-start=\"1424\" data-end=\"1560\">\n<p data-start=\"1426\" data-end=\"1560\">\u041f\u043e\u0434\u0434\u0435\u0440\u0436\u043a\u0430 \u0443\u0434\u0430\u043b\u0451\u043d\u043d\u043e\u0433\u043e KVM, \u0432\u0438\u0440\u0442\u0443\u0430\u043b\u044c\u043d\u044b\u0445 \u043d\u043e\u0441\u0438\u0442\u0435\u043b\u0435\u0439, \u043c\u043e\u043d\u0438\u0442\u043e\u0440\u0438\u043d\u0433\u0430 \u0441\u043e\u0441\u0442\u043e\u044f\u043d\u0438\u044f \u043a\u043e\u043c\u043f\u043e\u043d\u0435\u043d\u0442\u043e\u0432, \u043e\u043f\u043e\u0432\u0435\u0449\u0435\u043d\u0438\u0439 \u043e \u043d\u0435\u0438\u0441\u043f\u0440\u0430\u0432\u043d\u043e\u0441\u0442\u044f\u0445 \u0438 \u0448\u0438\u0440\u043e\u043a\u043e\u0433\u043e \u0441\u043f\u0435\u043a\u0442\u0440\u0430 \u0444\u0443\u043d\u043a\u0446\u0438\u0439 \u0443\u0434\u0430\u043b\u0451\u043d\u043d\u043e\u0433\u043e \u0443\u043f\u0440\u0430\u0432\u043b\u0435\u043d\u0438\u044f \u0441\u0438\u0441\u0442\u0435\u043c\u043e\u0439<\/p>\n<\/li>\n<\/ul>\n<h4 data-start=\"1562\" data-end=\"1615\"><strong data-start=\"1567\" data-end=\"1615\">\u0413\u0438\u0431\u043a\u0430\u044f \u043a\u043e\u043d\u0444\u0438\u0433\u0443\u0440\u0430\u0446\u0438\u044f \u0434\u043b\u044f \u0443\u0434\u043e\u0432\u043b\u0435\u0442\u0432\u043e\u0440\u0435\u043d\u0438\u044f \u0440\u0430\u0437\u043d\u043e\u043e\u0431\u0440\u0430\u0437\u043d\u044b\u0445 \u043f\u043e\u0442\u0440\u0435\u0431\u043d\u043e\u0441\u0442\u0435\u0439<\/strong><\/h4>\n<ul data-start=\"1616\" data-end=\"2125\" data-is-last-node=\"\" data-is-only-node=\"\">\n<li data-start=\"1616\" data-end=\"1764\">\n<p data-start=\"1618\" data-end=\"1764\">\u041c\u043e\u0434\u0443\u043b\u044c\u043d\u0430\u044f \u043a\u043e\u043d\u0441\u0442\u0440\u0443\u043a\u0446\u0438\u044f \u0441 \u0440\u0430\u0437\u044a\u0435\u0434\u0438\u043d\u0435\u043d\u0438\u0435\u043c \u0430\u043f\u043f\u0430\u0440\u0430\u0442\u043d\u044b\u0445 \u043a\u043e\u043c\u043f\u043e\u043d\u0435\u043d\u0442\u043e\u0432 \u043f\u043e\u0437\u0432\u043e\u043b\u044f\u0435\u0442 \u0433\u0438\u0431\u043a\u043e \u043a\u043e\u043d\u0444\u0438\u0433\u0443\u0440\u0438\u0440\u043e\u0432\u0430\u0442\u044c \u0432\u044b\u0447\u0438\u0441\u043b\u0438\u0442\u0435\u043b\u044c\u043d\u044b\u0435, \u0445\u0440\u0430\u043d\u0438\u043b\u0438\u0449\u043d\u044b\u0435 \u0438 \u0441\u0435\u0442\u0435\u0432\u044b\u0435 \u0440\u0435\u0441\u0443\u0440\u0441\u044b \u0432 \u0437\u0430\u0432\u0438\u0441\u0438\u043c\u043e\u0441\u0442\u0438 \u043e\u0442 \u0442\u0440\u0435\u0431\u043e\u0432\u0430\u043d\u0438\u0439 \u0440\u0430\u0431\u043e\u0447\u0438\u0445 \u043d\u0430\u0433\u0440\u0443\u0437\u043e\u043a<\/p>\n<\/li>\n<li data-start=\"1765\" data-end=\"1826\">\n<p data-start=\"1767\" data-end=\"1826\">\u041f\u043e\u0434\u0434\u0435\u0440\u0436\u0438\u0432\u0430\u0435\u0442 \u0434\u043e 20 \u0436\u0451\u0441\u0442\u043a\u0438\u0445 \u0434\u0438\u0441\u043a\u043e\u0432 \u0440\u0430\u0437\u043c\u0435\u0440\u043e\u043c 3,5 \u0434\u044e\u0439\u043c\u0430 \u0438\u043b\u0438 \u0434\u043e 39 \u0434\u0438\u0441\u043a\u043e\u0432 \u0440\u0430\u0437\u043c\u0435\u0440\u043e\u043c 2,5 \u0434\u044e\u0439\u043c\u0430<\/p>\n<\/li>\n<li data-start=\"1827\" data-end=\"1992\">\n<p data-start=\"1829\" data-end=\"1992\">\u041f\u0440\u0435\u0434\u043e\u0441\u0442\u0430\u0432\u043b\u044f\u0435\u0442 \u0434\u043e 10 \u0441\u043b\u043e\u0442\u043e\u0432 \u0440\u0430\u0441\u0448\u0438\u0440\u0435\u043d\u0438\u044f PCIe 4.0, \u043f\u043e\u0434\u0434\u0435\u0440\u0436\u0438\u0432\u0430\u0435\u0442 \u0434\u043e 6 \u043f\u043e\u043b\u043d\u043e\u0440\u0430\u0437\u043c\u0435\u0440\u043d\u044b\u0445 \u0438 \u043f\u043e\u043b\u043d\u043e\u0439 \u0432\u044b\u0441\u043e\u0442\u044b PCI-\u0443\u0441\u0442\u0440\u043e\u0439\u0441\u0442\u0432, \u0441 \u043e\u043f\u0446\u0438\u043e\u043d\u0430\u043b\u044c\u043d\u043e\u0439 \u043f\u043e\u0434\u0434\u0435\u0440\u0436\u043a\u043e\u0439 4 \u0434\u0432\u0443\u0445\u0441\u043b\u043e\u0442\u043e\u0432\u044b\u0445 \u0443\u0441\u043a\u043e\u0440\u0438\u0442\u0435\u043b\u044c\u043d\u044b\u0445 \u043a\u0430\u0440\u0442 GPU<\/p>\n<\/li>\n<li data-start=\"1993\" data-end=\"2125\" data-is-last-node=\"\">\n<p data-start=\"1995\" data-end=\"2125\" data-is-last-node=\"\">\u041f\u043e\u0434\u0434\u0435\u0440\u0436\u0438\u0432\u0430\u0435\u0442 OCP NIC 3.0 \u0434\u043b\u044f \u0440\u0430\u0441\u0448\u0438\u0440\u0435\u043d\u0438\u044f \u0441\u0435\u0442\u0438, \u043a\u043e\u043d\u0444\u0438\u0433\u0443\u0440\u0438\u0440\u0443\u0435\u0442\u0441\u044f \u0441 \u0432\u0430\u0440\u0438\u0430\u043d\u0442\u0430\u043c\u0438 \u043f\u043e\u0434\u043a\u043b\u044e\u0447\u0435\u043d\u0438\u044f: 4\u00d71GbE, 2\u00d710Gb SFP+, 4\u00d710Gb SFP+ \u0438\u043b\u0438 2\u00d725Gb SFP28<\/p>\n<\/li>\n<\/ul>","protected":false},"excerpt":{"rendered":"<h3 data-start=\"156\" data-end=\"184\"><strong data-start=\"160\" data-end=\"184\">\u041e\u0441\u043d\u043e\u0432\u043d\u044b\u0435 \u0445\u0430\u0440\u0430\u043a\u0442\u0435\u0440\u0438\u0441\u0442\u0438\u043a\u0438<\/strong><\/h3>\n<ul data-start=\"185\" data-end=\"328\">\n<li data-start=\"185\" data-end=\"208\">\n<p data-start=\"187\" data-end=\"208\"><strong data-start=\"187\" data-end=\"202\">\u0412\u044b\u0441\u043e\u0442\u0430 \u0432 \u0441\u0442\u043e\u0439\u043a\u0435<\/strong>: 2U<\/p>\n<\/li>\n<li data-start=\"209\" data-end=\"273\">\n<p data-start=\"211\" data-end=\"273\"><strong data-start=\"211\" data-end=\"224\">\u041f\u0440\u043e\u0446\u0435\u0441\u0441\u043e\u0440<\/strong>: \u0414\u0432\u0430 \u043c\u0430\u0441\u0448\u0442\u0430\u0431\u0438\u0440\u0443\u0435\u043c\u044b\u0445 \u043f\u0440\u043e\u0446\u0435\u0441\u0441\u043e\u0440\u0430 Intel\u00ae Xeon\u00ae 3-\u0433\u043e \u043f\u043e\u043a\u043e\u043b\u0435\u043d\u0438\u044f<\/p>\n<\/li>\n<li data-start=\"274\" data-end=\"328\">\n<p data-start=\"276\" data-end=\"328\"><strong data-start=\"276\" data-end=\"290\">\u041e\u0442\u0441\u0435\u043a\u0438 \u0434\u043b\u044f \u043d\u0430\u043a\u043e\u043f\u0438\u0442\u0435\u043b\u0435\u0439<\/strong>: 12 \u043e\u0442\u0441\u0435\u043a\u043e\u0432 \u0434\u043b\u044f \u0433\u043e\u0440\u044f\u0447\u0435\u0439 \u0437\u0430\u043c\u0435\u043d\u044b \u043d\u0430\u043a\u043e\u043f\u0438\u0442\u0435\u043b\u0435\u0439 3.5\u2033<\/p>\n<\/li>\n<\/ul>","protected":false},"featured_media":1749,"comment_status":"open","ping_status":"closed","template":"","meta":{"_acf_changed":false},"cpu_brands":[120],"drives-number":[169],"max_memory":[177],"processor_socket":[127],"rack-height":[152],"storage_drive":[164],"support-cpu-count":[156],"product_brand":[],"product_cat":[188],"product_tag":[],"class_list":{"0":"post-1820","1":"product","2":"type-product","3":"status-publish","4":"has-post-thumbnail","6":"cpu_brands-intel","7":"drives-number-169","8":"max_memory-12tb","9":"processor_socket-socket-p-lga-4189","10":"rack-height-2u","11":"storage_drive-3-5","12":"support-cpu-count-156","13":"product_cat-servers","15":"first","16":"instock","17":"shipping-taxable","18":"product-type-simple"},"acf":[],"_links":{"self":[{"href":"https:\/\/www.huacrown.com\/ru\/wp-json\/wp\/v2\/product\/1820","targetHints":{"allow":["GET"]}}],"collection":[{"href":"https:\/\/www.huacrown.com\/ru\/wp-json\/wp\/v2\/product"}],"about":[{"href":"https:\/\/www.huacrown.com\/ru\/wp-json\/wp\/v2\/types\/product"}],"replies":[{"embeddable":true,"href":"https:\/\/www.huacrown.com\/ru\/wp-json\/wp\/v2\/comments?post=1820"}],"wp:featuredmedia":[{"embeddable":true,"href":"https:\/\/www.huacrown.com\/ru\/wp-json\/wp\/v2\/media\/1749"}],"wp:attachment":[{"href":"https:\/\/www.huacrown.com\/ru\/wp-json\/wp\/v2\/media?parent=1820"}],"wp:term":[{"taxonomy":"cpu_brands","embeddable":true,"href":"https:\/\/www.huacrown.com\/ru\/wp-json\/wp\/v2\/cpu_brands?post=1820"},{"taxonomy":"drives-number","embeddable":true,"href":"https:\/\/www.huacrown.com\/ru\/wp-json\/wp\/v2\/drives-number?post=1820"},{"taxonomy":"max_memory","embeddable":true,"href":"https:\/\/www.huacrown.com\/ru\/wp-json\/wp\/v2\/max_memory?post=1820"},{"taxonomy":"processor_socket","embeddable":true,"href":"https:\/\/www.huacrown.com\/ru\/wp-json\/wp\/v2\/processor_socket?post=1820"},{"taxonomy":"rack-height","embeddable":true,"href":"https:\/\/www.huacrown.com\/ru\/wp-json\/wp\/v2\/rack-height?post=1820"},{"taxonomy":"storage_drive","embeddable":true,"href":"https:\/\/www.huacrown.com\/ru\/wp-json\/wp\/v2\/storage_drive?post=1820"},{"taxonomy":"support-cpu-count","embeddable":true,"href":"https:\/\/www.huacrown.com\/ru\/wp-json\/wp\/v2\/support-cpu-count?post=1820"},{"taxonomy":"product_brand","embeddable":true,"href":"https:\/\/www.huacrown.com\/ru\/wp-json\/wp\/v2\/product_brand?post=1820"},{"taxonomy":"product_cat","embeddable":true,"href":"https:\/\/www.huacrown.com\/ru\/wp-json\/wp\/v2\/product_cat?post=1820"},{"taxonomy":"product_tag","embeddable":true,"href":"https:\/\/www.huacrown.com\/ru\/wp-json\/wp\/v2\/product_tag?post=1820"}],"curies":[{"name":"wp","href":"https:\/\/api.w.org\/{rel}","templated":true}]}}